{"id":10179,"date":"2024-03-05T18:29:21","date_gmt":"2024-03-05T18:29:21","guid":{"rendered":"https:\/\/elouedshop.com\/?post_type=product&#038;p=10179"},"modified":"2024-03-05T18:29:21","modified_gmt":"2024-03-05T18:29:21","slug":"femmes-eternelles-les-grandes-femmes-de-lislam-bilingue-francais-arabe","status":"publish","type":"product","link":"https:\/\/elouedshop.com\/?product=femmes-eternelles-les-grandes-femmes-de-lislam-bilingue-francais-arabe","title":{"rendered":"Femmes \u00e9ternelles : Les Grandes Femmes de l&rsquo;Islam (bilingue fran\u00e7ais\/arabe)"},"content":{"rendered":"<table border=\"0\" width=\"100%\" cellspacing=\"0\" cellpadding=\"0\">\n<tbody>\n<tr>\n<td align=\"left\"><span style=\"font-family: Verdana, Arial; font-size: small;\"><b>Auteur :<\/b>\u00a0L&rsquo;\u00e9quipe \u00e9ditoriale Orientica (Collectif)<br \/>\n<\/span><\/td>\n<\/tr>\n<tr>\n<td align=\"left\"><span style=\"font-family: Verdana, Arial; font-size: small;\"><b>Type de produit :<\/b>\u00a0Livre<br \/>\n<\/span><\/td>\n<\/tr>\n<tr>\n<td align=\"left\"><span style=\"font-family: Verdana, Arial; font-size: small;\"><b>Nombre de pages :<\/b>\u00a0228<br \/>\n<\/span><\/td>\n<\/tr>\n<tr>\n<td align=\"left\"><span style=\"font-family: Verdana, Arial; font-size: small;\"><b>Mod\u00e8le ou Format :<\/b>\u00a017 x 24 cm &#8211; Couverture cartonn\u00e9e<br \/>\n<\/span><\/td>\n<\/tr>\n<tr>\n<td align=\"left\"><span style=\"font-family: Verdana, Arial; font-size: small;\"><b>Editeur :<\/b>\u00a0Orientica<br \/>\n<\/span><\/td>\n<\/tr>\n<tr>\n<td align=\"left\"><span style=\"font-family: Verdana, Arial; font-size: small;\"><b>Langue :<\/b>\u00a0fran\u00e7ais &#8211; arabe<br \/>\n<\/span><\/td>\n<\/tr>\n<tr>\n<td align=\"left\"><span style=\"font-family: Verdana, Arial; font-size: small;\"><b>ISBN\/EAN :<\/b>\u00a0978-2-35635-163-0 \/ 9782356351630<\/span><\/td>\n<\/tr>\n<\/tbody>\n<\/table>\n","protected":false},"excerpt":{"rendered":"<p>L\u2019islam a honor\u00e9 la femme, lui a rendu hommage et justice, et a recommand\u00e9 \u00e0 l\u2019homme de bien la traiter. En effet, l\u2019islam consid\u00e8re la femme comme l\u2019\u00e9gale de l\u2019homme dans l\u2019accomplissement des rites et dans les comportements avec autrui, il la consid\u00e8re aussi comme son alli\u00e9e dans la prise en charge de l\u2019\u00e9ducation des enfants et l\u2019\u00e9dification des g\u00e9n\u00e9rations. Elle est appel\u00e9e \u00e0 accomplir tous les devoirs religieux au m\u00eame titre que l\u2019homme, sauf ce qui ne convient pas \u00e0 son temp\u00e9rament et ce qui d\u00e9passe ses capacit\u00e9s.<\/p>\n<p>Nous pr\u00e9sentons dans ce livre quelques exemples de femmes \u00e9ternelles qui ont eu un r\u00f4le consid\u00e9rable apr\u00e8s leur conversion \u00e0 l\u2019islam.<\/p>\n<p>L\u2019objectif de cet ouvrage est d\u2019inciter les femmes musulmanes \u00e0 se parer des qualit\u00e9s des croyantes qu\u2019Allah a lou\u00e9es dans le Saint Coran, comme \u00c2sya la femme de Fir\u2018awn, Maryam fille de \u2018Imr\u00e2n et Bilq\u00ees reine de Saba\u2019, ou comme les M\u00e8res des croyants et les filles du Proph\u00e8te (saw), ainsi que les Sah\u00e2biyy\u00e2t. Nous implorons Allah le Tr\u00e8s-Haut de nous enseigner une science \u00e9manant de Lui et de nous assurer la droiture dans tout ce qui nous concerne.<\/p>\n<p><strong>Dans ce livre bilingue fran\u00e7ais\/arabe (enti\u00e8rement vacalis\u00e9) les proph\u00e8tes ne sont pas repr\u00e9sent\u00e9s mais indiqu\u00e9s par une lumi\u00e8re.<\/strong><\/p>\n<p>Voici la liste des r\u00e9cits contenu dans ce livre : Maryam, fille de \u2018Imr\u00e2n \u0645\u064e\u0631\u0652\u064a\u064e\u0645\u064f \u0627\u0628\u0652\u0646\u064e\u0629\u064f \u0639\u0650\u0645\u0652\u0631\u064e\u0627\u0646\u064e &#8211; H\u00e2jar, m\u00e8re d\u2019Isma\u2018\u00eel \u0647\u064e\u0627\u062c\u064e\u0631\u064f \u0623\u064f\u0645\u0651\u064f \u0625\u0650\u0633\u0652\u0645\u064e\u0627\u0639\u0650\u064a\u0644\u064e &#8211; S\u00e2rra, m\u00e8re d\u2019Ish\u00e2q \u0633\u064e\u0627\u0631\u0651\u064e\u0629\u064f \u0623\u064f\u0645\u0651\u064f \u0625\u0650\u0633\u0652\u062d\u064e\u0627\u0642\u064e &#8211; \u00c2sya, fille de Muz\u00e2him \u0622\u0633\u0650\u064a\u064e\u0629\u064f \u0628\u0650\u0646\u0652\u062a\u064f \u0645\u064f\u0632\u064e\u0627\u062d\u0650\u0645\u064d &#8211; Bilq\u00ees, reine de Saba\u2019 \u0628\u0650\u0644\u0652\u0642\u0650\u064a\u0633\u064f \u0645\u064e\u0644\u0650\u0643\u064e\u0629\u064f \u0633\u064e\u0628\u064e\u0625\u064d &#8211; \u00c2mina, fille de Wahb \u0622\u0645\u0650\u0646\u064e\u0629\u064f \u0628\u0650\u0646\u0652\u062a\u064f \u0648\u064e\u0647\u0652\u0628\u064d &#8211; F\u00e2tima, fille de Muhammad (SAW) \u0641\u064e\u0627\u0637\u0650\u0645\u064e\u0629\u064f \u0628\u0650\u0646\u0652\u062a\u064f \u0645\u064f\u062d\u064e\u0645\u0651\u064e\u062f\u064d &#8211; Ruqayya, fille du Messager d\u2019Allah (SAW) \u0631\u064f\u0642\u064e\u064a\u0651\u064e\u0629\u064f \u0628\u0650\u0646\u0652\u062a\u064f \u0631\u064e\u0633\u064f\u0648\u0644\u0650 \u0627\u0644\u0644\u0651\u064e\u0647\u0650 Zaynab, fille du Messager d\u2019Allah\u2039 \u0632\u064e\u064a\u0652\u0646\u064e\u0628\u064f \u0628\u0650\u0646\u0652\u062a\u064f \u0631\u064e\u0633\u064f\u0648\u0644\u0650 \u0627\u0644\u0644\u0651\u064e\u0647\u0650 &#8211; Umm Kulth\u00fbm, fille du Messager d\u2019Allah (SAW) \u0623\u064f\u0645\u0651\u064f \u0643\u064f\u0644\u0652\u062b\u064f\u0648\u0645\u064d \u0628\u0650\u0646\u0652\u062a\u064f \u0631\u064e\u0633\u064f\u0648\u0644\u0650 \u0627\u0644\u0644\u0651\u064e\u0647\u0650 &#8211; Asm\u00e2\u2019, fille d\u2019Ab\u00ee Bakr \u0623\u064e\u0633\u0652\u0645\u064e\u0627\u0621\u064f \u0628\u0650\u0646\u0652\u062a\u064f \u0623\u064e\u0628\u0650\u064a \u0628\u064e\u0643\u0652\u0631\u064d &#8211; Nas\u00eeba, fille de Ka\u2018b (Umm \u2018Im\u00e2ra) (\u0646\u064e\u0633\u0650\u064a\u0628\u064e\u0629\u064f \u0628\u0650\u0646\u0652\u062a\u064f \u0643\u064e\u0639\u0652\u0628\u064d (\u0623\u064f\u0645\u0651\u064f \u0639\u0650\u0645\u064e\u0627\u0631\u064e\u0629\u064e &#8211; Al-Khans\u00e2\u2019 \u0627\u064e\u0644\u0652\u062e\u064e\u0646\u0652\u0633\u064e\u0627\u0621\u064f R\u00e2bi\u2018a Al-\u2018Adawiyya \u0631\u064e\u0627\u0628\u0650\u0639\u064e\u0629\u064f \u0627\u0644\u0652\u0639\u064e\u062f\u064e\u0648\u0650\u064a\u0651\u064e\u0629\u064f.<\/p>\n","protected":false},"featured_media":10181,"template":"","meta":[],"product_brand":[],"product_cat":[65,25,170,21,172],"product_tag":[],"class_list":{"0":"post-10179","1":"product","2":"type-product","3":"status-publish","4":"has-post-thumbnail","6":"product_cat-biographies","7":"product_cat-femmes","8":"product_cat-hadiths-histoires","9":"product_cat-livre","10":"product_cat-livres-bilingues","11":"description-off","13":"first","14":"instock","15":"shipping-taxable","16":"purchasable","17":"product-type-simple"},"jetpack_sharing_enabled":true,"_links":{"self":[{"href":"https:\/\/elouedshop.com\/index.php?rest_route=\/wp\/v2\/product\/10179","targetHints":{"allow":["GET"]}}],"collection":[{"href":"https:\/\/elouedshop.com\/index.php?rest_route=\/wp\/v2\/product"}],"about":[{"href":"https:\/\/elouedshop.com\/index.php?rest_route=\/wp\/v2\/types\/product"}],"wp:featuredmedia":[{"embeddable":true,"href":"https:\/\/elouedshop.com\/index.php?rest_route=\/wp\/v2\/media\/10181"}],"wp:attachment":[{"href":"https:\/\/elouedshop.com\/index.php?rest_route=%2Fwp%2Fv2%2Fmedia&parent=10179"}],"wp:term":[{"taxonomy":"product_brand","embeddable":true,"href":"https:\/\/elouedshop.com\/index.php?rest_route=%2Fwp%2Fv2%2Fproduct_brand&post=10179"},{"taxonomy":"product_cat","embeddable":true,"href":"https:\/\/elouedshop.com\/index.php?rest_route=%2Fwp%2Fv2%2Fproduct_cat&post=10179"},{"taxonomy":"product_tag","embeddable":true,"href":"https:\/\/elouedshop.com\/index.php?rest_route=%2Fwp%2Fv2%2Fproduct_tag&post=10179"}],"curies":[{"name":"wp","href":"https:\/\/api.w.org\/{rel}","templated":true}]}}