{"id":10117,"date":"2024-03-03T23:54:12","date_gmt":"2024-03-03T23:54:12","guid":{"rendered":"https:\/\/elouedshop.com\/?post_type=product&#038;p=10117"},"modified":"2024-03-16T12:48:41","modified_gmt":"2024-03-16T12:48:41","slug":"les-365-histoires-du-prophete-muhammad-pbdsl","status":"publish","type":"product","link":"https:\/\/elouedshop.com\/?product=les-365-histoires-du-prophete-muhammad-pbdsl","title":{"rendered":"Les 365 histoires du Proph\u00e8te Muhammad (PBDSL"},"content":{"rendered":"","protected":false},"excerpt":{"rendered":"<p>Grand livre avec couverture de luxe cartonn\u00e9e et rembourr\u00e9e, marque page en soie.<\/p>\n<p>\u00abLes 365 histoires du Proph\u00e8te Muhammad (PBDSL)\u00bb est une riche collection de 365 illustres r\u00e9cits biographiques (de la S\u00eerah) qui transportera, chaque jour, les enfants dans une aventure amusante \u00e0 travers les pr\u00e9cieux moments de la vie du Proph\u00e8te Muhammad (PBDSL).<\/p>\n<p>Racont\u00e9s dans un langage simple et de mani\u00e8re ludique, les r\u00e9cits sont accompagn\u00e9s de sublimes illustrations et procurent une description vivante et chronologique du Proph\u00e8te (PBDSL) en tant que personne, dont la vie et les enseignements sont ch\u00e9ris et respect\u00e9s par tous les peuples \u00e0 travers le monde.<\/p>\n<p>Ce livre constitue une exp\u00e9rience unique que toute la famille prendra plaisir \u00e0 consulter encore et encore !<\/p>\n","protected":false},"featured_media":929,"template":"","meta":[],"product_brand":[],"product_cat":[167,24,53,21,225,70],"product_tag":[],"class_list":{"0":"post-10117","1":"product","2":"type-product","3":"status-publish","4":"has-post-thumbnail","6":"product_cat-contes-educatifs","7":"product_cat-enfants","8":"product_cat-la-vie-du-prophete","9":"product_cat-livre","10":"product_cat-ramadan","11":"product_cat-vie-du-prophete-saw","12":"description-off","14":"first","15":"instock","16":"shipping-taxable","17":"purchasable","18":"product-type-simple"},"jetpack_sharing_enabled":true,"_links":{"self":[{"href":"https:\/\/elouedshop.com\/index.php?rest_route=\/wp\/v2\/product\/10117","targetHints":{"allow":["GET"]}}],"collection":[{"href":"https:\/\/elouedshop.com\/index.php?rest_route=\/wp\/v2\/product"}],"about":[{"href":"https:\/\/elouedshop.com\/index.php?rest_route=\/wp\/v2\/types\/product"}],"wp:featuredmedia":[{"embeddable":true,"href":"https:\/\/elouedshop.com\/index.php?rest_route=\/wp\/v2\/media\/929"}],"wp:attachment":[{"href":"https:\/\/elouedshop.com\/index.php?rest_route=%2Fwp%2Fv2%2Fmedia&parent=10117"}],"wp:term":[{"taxonomy":"product_brand","embeddable":true,"href":"https:\/\/elouedshop.com\/index.php?rest_route=%2Fwp%2Fv2%2Fproduct_brand&post=10117"},{"taxonomy":"product_cat","embeddable":true,"href":"https:\/\/elouedshop.com\/index.php?rest_route=%2Fwp%2Fv2%2Fproduct_cat&post=10117"},{"taxonomy":"product_tag","embeddable":true,"href":"https:\/\/elouedshop.com\/index.php?rest_route=%2Fwp%2Fv2%2Fproduct_tag&post=10117"}],"curies":[{"name":"wp","href":"https:\/\/api.w.org\/{rel}","templated":true}]}}