{"id":10073,"date":"2024-03-03T18:27:00","date_gmt":"2024-03-03T18:27:00","guid":{"rendered":"https:\/\/elouedshop.com\/?post_type=product&#038;p=10073"},"modified":"2025-02-13T12:23:37","modified_gmt":"2025-02-13T12:23:37","slug":"mon-premier-ramadan-collection-japprends-ma-religion-8","status":"publish","type":"product","link":"https:\/\/elouedshop.com\/?product=mon-premier-ramadan-collection-japprends-ma-religion-8","title":{"rendered":"Mon premier ramadan &#8211; Collection j&rsquo;apprends ma religion (8)"},"content":{"rendered":"<table class=\"ce-product-features\">\n<tbody>\n<tr class=\"ce-product-features__row\">\n<th class=\"ce-product-features__label\">Couverture<\/th>\n<td class=\"ce-product-features__value\">Souple<\/td>\n<\/tr>\n<tr class=\"ce-product-features__row\">\n<th class=\"ce-product-features__label\">Nb. Pages<\/th>\n<td class=\"ce-product-features__value\">32<\/td>\n<\/tr>\n<tr class=\"ce-product-features__row\">\n<th class=\"ce-product-features__label\">Auteur<\/th>\n<td class=\"ce-product-features__value\">Siham Andalouci<\/td>\n<\/tr>\n<\/tbody>\n<\/table>\n","protected":false},"excerpt":{"rendered":"<p>Apprendre et communiquer la foi \u00e0 ses enfants d\u00e8s le plus jeune \u00e2ge est tr\u00e8s important. Cela les pousse \u00e0 vivre et \u00e0 grandir \u00e0 travers les principes et les valeurs de notre religion.<\/p>\n","protected":false},"featured_media":9177,"template":"","meta":[],"product_brand":[],"product_cat":[181,24,140,21,48,225],"product_tag":[],"class_list":{"0":"post-10073","1":"product","2":"type-product","3":"status-publish","4":"has-post-thumbnail","6":"product_cat-education-religieuse","7":"product_cat-enfants","8":"product_cat-jeune-ramadan","9":"product_cat-livre","10":"product_cat-pratique-religieuse","11":"product_cat-ramadan","12":"description-off","14":"first","15":"outofstock","16":"shipping-taxable","17":"purchasable","18":"product-type-simple"},"jetpack_sharing_enabled":true,"_links":{"self":[{"href":"https:\/\/elouedshop.com\/index.php?rest_route=\/wp\/v2\/product\/10073","targetHints":{"allow":["GET"]}}],"collection":[{"href":"https:\/\/elouedshop.com\/index.php?rest_route=\/wp\/v2\/product"}],"about":[{"href":"https:\/\/elouedshop.com\/index.php?rest_route=\/wp\/v2\/types\/product"}],"wp:featuredmedia":[{"embeddable":true,"href":"https:\/\/elouedshop.com\/index.php?rest_route=\/wp\/v2\/media\/9177"}],"wp:attachment":[{"href":"https:\/\/elouedshop.com\/index.php?rest_route=%2Fwp%2Fv2%2Fmedia&parent=10073"}],"wp:term":[{"taxonomy":"product_brand","embeddable":true,"href":"https:\/\/elouedshop.com\/index.php?rest_route=%2Fwp%2Fv2%2Fproduct_brand&post=10073"},{"taxonomy":"product_cat","embeddable":true,"href":"https:\/\/elouedshop.com\/index.php?rest_route=%2Fwp%2Fv2%2Fproduct_cat&post=10073"},{"taxonomy":"product_tag","embeddable":true,"href":"https:\/\/elouedshop.com\/index.php?rest_route=%2Fwp%2Fv2%2Fproduct_tag&post=10073"}],"curies":[{"name":"wp","href":"https:\/\/api.w.org\/{rel}","templated":true}]}}