{"id":10053,"date":"2024-03-03T12:01:58","date_gmt":"2024-03-03T12:01:58","guid":{"rendered":"https:\/\/elouedshop.com\/?post_type=product&#038;p=10053"},"modified":"2024-12-09T12:11:32","modified_gmt":"2024-12-09T12:11:32","slug":"mon-imagier-de-la-mosquee-graines-de-foi","status":"publish","type":"product","link":"https:\/\/elouedshop.com\/?product=mon-imagier-de-la-mosquee-graines-de-foi","title":{"rendered":"Mon imagier de la mosqu\u00e9e &#8211; Graines de foi"},"content":{"rendered":"<table class=\"ce-product-features\">\n<tbody>\n<tr class=\"ce-product-features__row\">\n<th class=\"ce-product-features__label\">Ann\u00e9e<\/th>\n<td class=\"ce-product-features__value\">2017<\/td>\n<\/tr>\n<tr class=\"ce-product-features__row\">\n<th class=\"ce-product-features__label\">Couverture<\/th>\n<td class=\"ce-product-features__value\">Rigide<\/td>\n<\/tr>\n<tr class=\"ce-product-features__row\">\n<th class=\"ce-product-features__label\">Nb. Pages<\/th>\n<td class=\"ce-product-features__value\">28<\/td>\n<\/tr>\n<\/tbody>\n<\/table>\n","protected":false},"excerpt":{"rendered":"<p>Avec la complicit\u00e9 de Papa ou de Maman, l\u2019enfant d\u00e9couvre ce qui se cache derri\u00e8re les portes de la maison d\u2019Allah : la mosqu\u00e9e. Ainsi, d\u00e8s la plus tendre enfance, nos ch\u00e9rubins porteront en eux l\u2019amour de la pri\u00e8re et des mosqu\u00e9es.<\/p>\n","protected":false},"featured_media":10054,"template":"","meta":[],"product_brand":[],"product_cat":[39,167,24,21],"product_tag":[],"class_list":{"0":"post-10053","1":"product","2":"type-product","3":"status-publish","4":"has-post-thumbnail","6":"product_cat-bebe-3ans","7":"product_cat-contes-educatifs","8":"product_cat-enfants","9":"product_cat-livre","10":"description-off","12":"first","13":"instock","14":"shipping-taxable","15":"purchasable","16":"product-type-simple"},"jetpack_sharing_enabled":true,"_links":{"self":[{"href":"https:\/\/elouedshop.com\/index.php?rest_route=\/wp\/v2\/product\/10053","targetHints":{"allow":["GET"]}}],"collection":[{"href":"https:\/\/elouedshop.com\/index.php?rest_route=\/wp\/v2\/product"}],"about":[{"href":"https:\/\/elouedshop.com\/index.php?rest_route=\/wp\/v2\/types\/product"}],"wp:featuredmedia":[{"embeddable":true,"href":"https:\/\/elouedshop.com\/index.php?rest_route=\/wp\/v2\/media\/10054"}],"wp:attachment":[{"href":"https:\/\/elouedshop.com\/index.php?rest_route=%2Fwp%2Fv2%2Fmedia&parent=10053"}],"wp:term":[{"taxonomy":"product_brand","embeddable":true,"href":"https:\/\/elouedshop.com\/index.php?rest_route=%2Fwp%2Fv2%2Fproduct_brand&post=10053"},{"taxonomy":"product_cat","embeddable":true,"href":"https:\/\/elouedshop.com\/index.php?rest_route=%2Fwp%2Fv2%2Fproduct_cat&post=10053"},{"taxonomy":"product_tag","embeddable":true,"href":"https:\/\/elouedshop.com\/index.php?rest_route=%2Fwp%2Fv2%2Fproduct_tag&post=10053"}],"curies":[{"name":"wp","href":"https:\/\/api.w.org\/{rel}","templated":true}]}}