{"id":10024,"date":"2024-03-02T22:23:27","date_gmt":"2024-03-02T22:23:27","guid":{"rendered":"https:\/\/elouedshop.com\/?post_type=product&#038;p=10024"},"modified":"2024-03-02T22:23:52","modified_gmt":"2024-03-02T22:23:52","slug":"jeux-et-activites-100-muslim-3-a-6-ans","status":"publish","type":"product","link":"https:\/\/elouedshop.com\/?product=jeux-et-activites-100-muslim-3-a-6-ans","title":{"rendered":"Jeux et Activit\u00e9s &#8211; 100% Muslim &#8211; 3 \u00e0 6 ans"},"content":{"rendered":"<p>Un livre de jeux et d\u2019activit\u00e9s tr\u00e8s vari\u00e9s et ludiques, \u00e0 mettre entre les mains de tous les petits musulmans, gar\u00e7ons et filles afin qu\u2019ils d\u00e9couvrent leur belle religion.<\/p>\n<p>Les solutions des jeux se trouvent en fin de livre&#8230;<\/p>\n<p>Seuls ou accompagn\u00e9s de leurs parents, les enfants vont appr\u00e9cier l\u2019humour du livre et son ambiance 100% Muslim !<\/p>\n","protected":false},"excerpt":{"rendered":"<p>Un livre de jeux et d\u2019activit\u00e9s tr\u00e8s vari\u00e9s et ludiques, \u00e0 mettre entre les mains de tous les petits musulmans, gar\u00e7ons et filles afin qu\u2019ils d\u00e9couvrent leur belle religion. Les solutions des jeux se trouvent en fin de livre&#8230; Seuls ou accompagn\u00e9s de leurs parents, les enfants vont appr\u00e9cier l\u2019humour du livre et son ambiance&hellip;<\/p>\n","protected":false},"featured_media":974,"template":"","meta":[],"product_brand":[],"product_cat":[174,181,24,21],"product_tag":[],"class_list":{"0":"post-10024","1":"product","2":"type-product","3":"status-publish","4":"has-post-thumbnail","6":"product_cat-ecoles-maternelles","7":"product_cat-education-religieuse","8":"product_cat-enfants","9":"product_cat-livre","10":"description-off","12":"first","13":"instock","14":"shipping-taxable","15":"purchasable","16":"product-type-simple"},"jetpack_sharing_enabled":true,"_links":{"self":[{"href":"https:\/\/elouedshop.com\/index.php?rest_route=\/wp\/v2\/product\/10024","targetHints":{"allow":["GET"]}}],"collection":[{"href":"https:\/\/elouedshop.com\/index.php?rest_route=\/wp\/v2\/product"}],"about":[{"href":"https:\/\/elouedshop.com\/index.php?rest_route=\/wp\/v2\/types\/product"}],"wp:featuredmedia":[{"embeddable":true,"href":"https:\/\/elouedshop.com\/index.php?rest_route=\/wp\/v2\/media\/974"}],"wp:attachment":[{"href":"https:\/\/elouedshop.com\/index.php?rest_route=%2Fwp%2Fv2%2Fmedia&parent=10024"}],"wp:term":[{"taxonomy":"product_brand","embeddable":true,"href":"https:\/\/elouedshop.com\/index.php?rest_route=%2Fwp%2Fv2%2Fproduct_brand&post=10024"},{"taxonomy":"product_cat","embeddable":true,"href":"https:\/\/elouedshop.com\/index.php?rest_route=%2Fwp%2Fv2%2Fproduct_cat&post=10024"},{"taxonomy":"product_tag","embeddable":true,"href":"https:\/\/elouedshop.com\/index.php?rest_route=%2Fwp%2Fv2%2Fproduct_tag&post=10024"}],"curies":[{"name":"wp","href":"https:\/\/api.w.org\/{rel}","templated":true}]}}