{"id":10023,"date":"2024-03-02T22:22:07","date_gmt":"2024-03-02T22:22:07","guid":{"rendered":"https:\/\/elouedshop.com\/?post_type=product&#038;p=10023"},"modified":"2024-03-02T22:22:36","modified_gmt":"2024-03-02T22:22:36","slug":"hey-tas-insta","status":"publish","type":"product","link":"https:\/\/elouedshop.com\/?product=hey-tas-insta","title":{"rendered":"Hey, t\u2019as Insta ?"},"content":{"rendered":"<p>L\u2019impact des r\u00e9seaux sociaux touche d\u00e9sormais \u00e0 la vie du jeune musulman sur tous les plans, notamment \u00e9ducatif et religieux. De ce fait, leur utilisation rel\u00e8ve d\u2019innombrables questions quant \u00e0 la meilleure mani\u00e8re d\u2019en user !<\/p>\n<p>Par ailleurs, l\u2019islam, ayant honor\u00e9 le musulman par un rang particulier pr\u00e9servant sa dignit\u00e9, sa sant\u00e9 physique, mentale et spirituelle, et ayant attribu\u00e9 \u00e0 la port\u00e9e sociale une proportion singuli\u00e8re, il convient au bon croyant &#8211; en plus du respect scrupuleux des prescriptions divines &#8211; de faire preuve d\u2019un comportement irr\u00e9prochable et d\u2019accorder \u00e0 la bonne fr\u00e9quentation une attention particuli\u00e8re.<\/p>\n<p>\u00abHey, t&rsquo;as Insta ?\u00bb, ce livre au vocabulaire simple et argotique qui parlera aux jeunes adolescents d\u2019aujourd\u2019hui, tout en s\u2019appuyant sur des r\u00e9f\u00e9rences authentiques tir\u00e9es du Coran et de la Sunna, et aux illustrations captivantes, est une perle qui aborde divers sujets qui ont trait \u00e0 la vie du jeune musulman au rythme d\u2019une histoire passionnante, charg\u00e9e en rebondissements.<\/p>\n<p>En effet, cet ouvrage instructif appelle \u00e0 la m\u00e9ditation et contribue \u00e0 se forger une meilleure opinion sur les r\u00e9seaux sociaux utilis\u00e9s \u00e0 bon escient, d\u2019une part, et incite \u00e0 s\u2019entourer de gens vertueux d\u2019autre part, en rappelant les sublimes valeurs intemporelles islamiques extraites des enseignements sacr\u00e9s n\u00e9cessaires \u00e0 tout un chacun pour rester sur la voie droite et ainsi jouir de qui\u00e9tude ici-bas et b\u00e9n\u00e9ficier du salut dans l\u2019au-del\u00e0.<\/p>\n","protected":false},"excerpt":{"rendered":"<p>L\u2019impact des r\u00e9seaux sociaux touche d\u00e9sormais \u00e0 la vie du jeune musulman sur tous les plans, notamment \u00e9ducatif et religieux. De ce fait, leur utilisation rel\u00e8ve d\u2019innombrables questions quant \u00e0 la meilleure mani\u00e8re d\u2019en user ! Par ailleurs, l\u2019islam, ayant honor\u00e9 le musulman par un rang particulier pr\u00e9servant sa dignit\u00e9, sa sant\u00e9 physique, mentale et&hellip;<\/p>\n","protected":false},"featured_media":954,"template":"","meta":[],"product_brand":[],"product_cat":[167,181,24,44,170,21],"product_tag":[],"class_list":{"0":"post-10023","1":"product","2":"type-product","3":"status-publish","4":"has-post-thumbnail","6":"product_cat-contes-educatifs","7":"product_cat-education-religieuse","8":"product_cat-enfants","9":"product_cat-ethique-education","10":"product_cat-hadiths-histoires","11":"product_cat-livre","12":"description-off","14":"first","15":"instock","16":"shipping-taxable","17":"purchasable","18":"product-type-simple"},"jetpack_sharing_enabled":true,"_links":{"self":[{"href":"https:\/\/elouedshop.com\/index.php?rest_route=\/wp\/v2\/product\/10023","targetHints":{"allow":["GET"]}}],"collection":[{"href":"https:\/\/elouedshop.com\/index.php?rest_route=\/wp\/v2\/product"}],"about":[{"href":"https:\/\/elouedshop.com\/index.php?rest_route=\/wp\/v2\/types\/product"}],"wp:featuredmedia":[{"embeddable":true,"href":"https:\/\/elouedshop.com\/index.php?rest_route=\/wp\/v2\/media\/954"}],"wp:attachment":[{"href":"https:\/\/elouedshop.com\/index.php?rest_route=%2Fwp%2Fv2%2Fmedia&parent=10023"}],"wp:term":[{"taxonomy":"product_brand","embeddable":true,"href":"https:\/\/elouedshop.com\/index.php?rest_route=%2Fwp%2Fv2%2Fproduct_brand&post=10023"},{"taxonomy":"product_cat","embeddable":true,"href":"https:\/\/elouedshop.com\/index.php?rest_route=%2Fwp%2Fv2%2Fproduct_cat&post=10023"},{"taxonomy":"product_tag","embeddable":true,"href":"https:\/\/elouedshop.com\/index.php?rest_route=%2Fwp%2Fv2%2Fproduct_tag&post=10023"}],"curies":[{"name":"wp","href":"https:\/\/api.w.org\/{rel}","templated":true}]}}