{"id":10020,"date":"2024-03-02T21:58:34","date_gmt":"2024-03-02T21:58:34","guid":{"rendered":"https:\/\/elouedshop.com\/?post_type=product&#038;p=10020"},"modified":"2024-03-15T21:47:42","modified_gmt":"2024-03-15T21:47:42","slug":"100-tresors-de-lislam","status":"publish","type":"product","link":"https:\/\/elouedshop.com\/?product=100-tresors-de-lislam","title":{"rendered":"100 Tr\u00e9sors de l&rsquo;Islam"},"content":{"rendered":"<p>Comment am\u00e9liorer sa vie gr\u00e2ce \u00e0 l&rsquo;Islam ?<\/p>\n<p>Quel que soit le stade o\u00f9 vous en \u00eates dans votre vie, il est fort probable que vous souhaitiez l&rsquo;am\u00e9liorer.<\/p>\n<p>Pour vous aider \u00e0 y parvenir, ce livre \u00e9num\u00e8re 100 principes tir\u00e9s du Coran et de la Sunna.<\/p>\n<p>Ces principes ont pour but de vous aider \u00e0 am\u00e9liorer :<\/p>\n<ul>\n<li>Votre Foi<\/li>\n<li>Votre Sant\u00e9 Physique<\/li>\n<li>Votre Sant\u00e9 Mentale<\/li>\n<li>Vos Relations familiales et sociales<\/li>\n<li>Vos Finances.<\/li>\n<\/ul>\n<p>En effet, apr\u00e8s avoir \u00e9tudi\u00e9 les textes en profondeur, des savants musulmans ont tir\u00e9 la conclusion suivante : les objectifs de la l\u00e9gislation islamique sont de prot\u00e9ger 5 domaines fondamentaux de la vie de l&rsquo;\u00eatre humain.<\/p>\n<p>Ces 5 domaines sont :<\/p>\n<ul>\n<li>La religion<\/li>\n<li>La vie<\/li>\n<li>La raison<\/li>\n<li>La lign\u00e9e<\/li>\n<li>Les biens.<\/li>\n<\/ul>\n<p>Il faut savoir \u00e9galement que, selon l&rsquo;avis de certains d&rsquo;entre eux, ces domaines sont class\u00e9s par ordre d&rsquo;importance, du plus important au moins important.<\/p>\n<p>Le terme utilis\u00e9 dans la terminologie islamique pour d\u00e9signer ce principe est Maqassid al-charia soit \u00ab les objectifs finaux de la religion \u00bb.<\/p>\n<p>Voici quelques exemples qui illustrent ce concept :<\/p>\n<ul>\n<li>Le vol a \u00e9t\u00e9 interdit car il porte atteinte aux biens<\/li>\n<li>L\u2019adult\u00e8re a \u00e9t\u00e9 interdit car il porte atteinte \u00e0 la lign\u00e9e familiale<\/li>\n<li>L\u2019alcool a \u00e9t\u00e9 interdit car il porte atteinte \u00e0 la raison.<\/li>\n<\/ul>\n<p>Si l&rsquo;Islam s&rsquo;est concentr\u00e9 sur ces 5 \u00e9l\u00e9ments et pas sur d&rsquo;autres, nous pouvons donc d\u00e9duire qu&rsquo;il s&rsquo;agit des composantes les plus importantes de la vie de l&rsquo;\u00eatre humain.<\/p>\n<p>Or, ce livre a pour but d&rsquo;aider les musulmans \u00e0 am\u00e9liorer leur vie.<\/p>\n<p>C&rsquo;est pourquoi il \u00e9num\u00e8re 100 principes islamiques class\u00e9s dans les cat\u00e9gories ci-dessous.<\/p>\n<p>Ces cat\u00e9gories sont inspir\u00e9es des 5 \u00e9l\u00e9ments que nous avons cit\u00e9s en introduction :<\/p>\n<p>Foi &amp; Spiritualit\u00e9<\/p>\n<p>Sant\u00e9 &amp; Hygi\u00e8ne<\/p>\n<p>Psychologie<\/p>\n<p>Famille &amp; Relations<\/p>\n<p>Finances.<\/p>\n<p>Ces principes sont tous tir\u00e9s du Coran et de la Sunna. Vous pouvez donc \u00eatre s\u00fbrs, chers lecteurs, que si vous les impl\u00e9mentez dans votre vie, elle s&rsquo;am\u00e9liorera sans l&rsquo;ombre d&rsquo;un doute.<\/p>\n","protected":false},"excerpt":{"rendered":"<p>Comment am\u00e9liorer sa vie gr\u00e2ce \u00e0 l&rsquo;Islam ? Quel que soit le stade o\u00f9 vous en \u00eates dans votre vie, il est fort probable que vous souhaitiez l&rsquo;am\u00e9liorer. Pour vous aider \u00e0 y parvenir, ce livre \u00e9num\u00e8re 100 principes tir\u00e9s du Coran et de la Sunna. Ces principes ont pour but de vous aider \u00e0&hellip;<\/p>\n","protected":false},"featured_media":1703,"template":"","meta":[],"product_brand":[],"product_cat":[47,21,79],"product_tag":[],"class_list":{"0":"post-10020","1":"product","2":"type-product","3":"status-publish","4":"has-post-thumbnail","6":"product_cat-comprendre-lislam","7":"product_cat-livre","8":"product_cat-spiritualite","9":"description-off","11":"first","12":"instock","13":"shipping-taxable","14":"purchasable","15":"product-type-simple"},"jetpack_sharing_enabled":true,"_links":{"self":[{"href":"https:\/\/elouedshop.com\/index.php?rest_route=\/wp\/v2\/product\/10020","targetHints":{"allow":["GET"]}}],"collection":[{"href":"https:\/\/elouedshop.com\/index.php?rest_route=\/wp\/v2\/product"}],"about":[{"href":"https:\/\/elouedshop.com\/index.php?rest_route=\/wp\/v2\/types\/product"}],"wp:featuredmedia":[{"embeddable":true,"href":"https:\/\/elouedshop.com\/index.php?rest_route=\/wp\/v2\/media\/1703"}],"wp:attachment":[{"href":"https:\/\/elouedshop.com\/index.php?rest_route=%2Fwp%2Fv2%2Fmedia&parent=10020"}],"wp:term":[{"taxonomy":"product_brand","embeddable":true,"href":"https:\/\/elouedshop.com\/index.php?rest_route=%2Fwp%2Fv2%2Fproduct_brand&post=10020"},{"taxonomy":"product_cat","embeddable":true,"href":"https:\/\/elouedshop.com\/index.php?rest_route=%2Fwp%2Fv2%2Fproduct_cat&post=10020"},{"taxonomy":"product_tag","embeddable":true,"href":"https:\/\/elouedshop.com\/index.php?rest_route=%2Fwp%2Fv2%2Fproduct_tag&post=10020"}],"curies":[{"name":"wp","href":"https:\/\/api.w.org\/{rel}","templated":true}]}}