{"id":10019,"date":"2024-03-02T21:57:41","date_gmt":"2024-03-02T21:57:41","guid":{"rendered":"https:\/\/elouedshop.com\/?post_type=product&#038;p=10019"},"modified":"2024-03-02T21:58:03","modified_gmt":"2024-03-02T21:58:03","slug":"la-piete-envers-les-parents","status":"publish","type":"product","link":"https:\/\/elouedshop.com\/?product=la-piete-envers-les-parents","title":{"rendered":"La Pi\u00e9t\u00e9 envers Les Parents"},"content":{"rendered":"<p>Comment se montrer bon envers ses parents ?<\/p>\n<p>Ibn Al-Jawzi a dit :<\/p>\n<p>\u00ab J\u2019ai constat\u00e9 qu\u2019une partie de la jeunesse de notre \u00e9poque n\u2019accorde aucune attention au bon comportement envers les parents. Ces jeunes consid\u00e8rent qu\u2019il ne s\u2019agit pas d\u2019une partie vitale de notre religion. Ils haussent la voix devant leurs p\u00e8res et leurs m\u00e8res, comme s\u2019ils jugeaient que leur ob\u00e9ir n\u2019\u00e9tait pas une obligation. Ils coupent les liens de parent\u00e9 qu\u2019Allah a ordonn\u00e9 de pr\u00e9server dans le Coran et pour lesquels Il a \u00e9mis de s\u00e9v\u00e8res menaces contre le fait de les rompre. J\u2019ai donc ressenti le besoin de compiler un ouvrage traitant de ces obligations afin que l\u2019insouciant prenne garde. Je l\u2019ai organis\u00e9 en sections et chapitres.<\/p>\n<p>Et Allah est Celui qui guide vers la v\u00e9rit\u00e9. \u00bb<\/p>\n<p>Ibn Al-Jawzi.<\/p>\n","protected":false},"excerpt":{"rendered":"<p>Comment se montrer bon envers ses parents ? Ibn Al-Jawzi a dit : \u00ab J\u2019ai constat\u00e9 qu\u2019une partie de la jeunesse de notre \u00e9poque n\u2019accorde aucune attention au bon comportement envers les parents. Ces jeunes consid\u00e8rent qu\u2019il ne s\u2019agit pas d\u2019une partie vitale de notre religion. Ils haussent la voix devant leurs p\u00e8res et leurs&hellip;<\/p>\n","protected":false},"featured_media":6956,"template":"","meta":[],"product_brand":[],"product_cat":[44,21],"product_tag":[],"class_list":{"0":"post-10019","1":"product","2":"type-product","3":"status-publish","4":"has-post-thumbnail","6":"product_cat-ethique-education","7":"product_cat-livre","8":"description-off","10":"first","11":"instock","12":"shipping-taxable","13":"purchasable","14":"product-type-simple"},"jetpack_sharing_enabled":true,"_links":{"self":[{"href":"https:\/\/elouedshop.com\/index.php?rest_route=\/wp\/v2\/product\/10019","targetHints":{"allow":["GET"]}}],"collection":[{"href":"https:\/\/elouedshop.com\/index.php?rest_route=\/wp\/v2\/product"}],"about":[{"href":"https:\/\/elouedshop.com\/index.php?rest_route=\/wp\/v2\/types\/product"}],"wp:featuredmedia":[{"embeddable":true,"href":"https:\/\/elouedshop.com\/index.php?rest_route=\/wp\/v2\/media\/6956"}],"wp:attachment":[{"href":"https:\/\/elouedshop.com\/index.php?rest_route=%2Fwp%2Fv2%2Fmedia&parent=10019"}],"wp:term":[{"taxonomy":"product_brand","embeddable":true,"href":"https:\/\/elouedshop.com\/index.php?rest_route=%2Fwp%2Fv2%2Fproduct_brand&post=10019"},{"taxonomy":"product_cat","embeddable":true,"href":"https:\/\/elouedshop.com\/index.php?rest_route=%2Fwp%2Fv2%2Fproduct_cat&post=10019"},{"taxonomy":"product_tag","embeddable":true,"href":"https:\/\/elouedshop.com\/index.php?rest_route=%2Fwp%2Fv2%2Fproduct_tag&post=10019"}],"curies":[{"name":"wp","href":"https:\/\/api.w.org\/{rel}","templated":true}]}}