{"id":10009,"date":"2024-03-02T19:14:00","date_gmt":"2024-03-02T19:14:00","guid":{"rendered":"https:\/\/elouedshop.com\/?post_type=product&#038;p=10009"},"modified":"2024-03-02T19:14:00","modified_gmt":"2024-03-02T19:14:00","slug":"lauthentique-de-la-medecine-prophetique-ibn-al-qayyim","status":"publish","type":"product","link":"https:\/\/elouedshop.com\/?product=lauthentique-de-la-medecine-prophetique-ibn-al-qayyim","title":{"rendered":"L&rsquo;authentique de la M\u00e9decine Proph\u00e9tique &#8211; Ibn Al-Qayyim"},"content":{"rendered":"<div class=\"elementor-element elementor-element-361e069 elementor-widget elementor-widget-product-features elementor-widget-heading\" data-id=\"361e069\" data-element_type=\"widget\" data-widget_type=\"product-features.default\">\n<div class=\"elementor-widget-container\">\n<table class=\"ce-product-features\">\n<tbody>\n<tr class=\"ce-product-features__row\">\n<th class=\"ce-product-features__label\">Ann\u00e9e<\/th>\n<td class=\"ce-product-features__value\">2010<\/td>\n<\/tr>\n<tr class=\"ce-product-features__row\">\n<th class=\"ce-product-features__label\">EAN-13<\/th>\n<td class=\"ce-product-features__value\">9782916457246<\/td>\n<\/tr>\n<tr class=\"ce-product-features__row\">\n<th class=\"ce-product-features__label\">Couverture<\/th>\n<td class=\"ce-product-features__value\">Rigide<\/td>\n<\/tr>\n<tr class=\"ce-product-features__row\">\n<th class=\"ce-product-features__label\">Dimensions<\/th>\n<td class=\"ce-product-features__value\">25 x 17 cm<\/td>\n<\/tr>\n<tr class=\"ce-product-features__row\">\n<th class=\"ce-product-features__label\">Nb. Pages<\/th>\n<td class=\"ce-product-features__value\">414<\/td>\n<\/tr>\n<tr class=\"ce-product-features__row\">\n<th class=\"ce-product-features__label\">Langue<\/th>\n<td class=\"ce-product-features__value\">fran\u00e7aise<\/td>\n<\/tr>\n<tr class=\"ce-product-features__row\">\n<th class=\"ce-product-features__label\">Auteur<\/th>\n<td class=\"ce-product-features__value\">Ibn al Qayyim al Jawziyyah<\/td>\n<\/tr>\n<\/tbody>\n<\/table>\n<\/div>\n<\/div>\n<div class=\"elementor-element elementor-element-123f77ba ce-product-variants--layout-table elementor-widget elementor-widget-product-variants elementor-overflow-hidden\" data-id=\"123f77ba\" data-element_type=\"widget\" data-widget_type=\"product-variants.default\">\n<div class=\"elementor-widget-container\">\n<div class=\"ce-product-variants\"><\/div>\n<\/div>\n<\/div>\n<div class=\"elementor-element elementor-element-136e24d8 elementor-hidden-phone elementor-widget elementor-widget-divider\" data-id=\"136e24d8\" data-element_type=\"widget\" data-widget_type=\"divider.default\">\n<div class=\"elementor-widget-container\">\n<div class=\"elementor-divider\"><\/div>\n<\/div>\n<\/div>\n","protected":false},"excerpt":{"rendered":"<p>Si les musulmans ont \u00e9t\u00e9 les pr\u00e9curseurs de la m\u00e9decine moderne c&rsquo;est en raison de leur attachement aux Textes du Coran et de la Sunna, et c&rsquo;est ce qu&rsquo;expose l&rsquo;imam Ash-Shafi&rsquo;i lorsqu&rsquo;il dit: \u00a0\u00bb La science est de deux types: la science du fiqh pour la religion, et la science de la m\u00e9decine pour le corps, tout autre chose n&rsquo;est que discussion d&rsquo;assembl\u00e9e.\u00a0\u00bb Il dit \u00e9galement:\u00a0\u00bb N&rsquo;habite pas dans un pays o\u00f9 tu ne trouves pas un savant qui te r\u00e9ponde au sujet de ta religion, et un m\u00e9decin qui t&rsquo;informe concernant l&rsquo;\u00e9tat de ton corps.\u00a0\u00bb<\/p>\n","protected":false},"featured_media":10010,"template":"","meta":[],"product_brand":[],"product_cat":[21,49],"product_tag":[],"class_list":{"0":"post-10009","1":"product","2":"type-product","3":"status-publish","4":"has-post-thumbnail","6":"product_cat-livre","7":"product_cat-sante-et-medecine","8":"description-off","10":"first","11":"instock","12":"shipping-taxable","13":"purchasable","14":"product-type-simple"},"jetpack_sharing_enabled":true,"_links":{"self":[{"href":"https:\/\/elouedshop.com\/index.php?rest_route=\/wp\/v2\/product\/10009","targetHints":{"allow":["GET"]}}],"collection":[{"href":"https:\/\/elouedshop.com\/index.php?rest_route=\/wp\/v2\/product"}],"about":[{"href":"https:\/\/elouedshop.com\/index.php?rest_route=\/wp\/v2\/types\/product"}],"wp:featuredmedia":[{"embeddable":true,"href":"https:\/\/elouedshop.com\/index.php?rest_route=\/wp\/v2\/media\/10010"}],"wp:attachment":[{"href":"https:\/\/elouedshop.com\/index.php?rest_route=%2Fwp%2Fv2%2Fmedia&parent=10009"}],"wp:term":[{"taxonomy":"product_brand","embeddable":true,"href":"https:\/\/elouedshop.com\/index.php?rest_route=%2Fwp%2Fv2%2Fproduct_brand&post=10009"},{"taxonomy":"product_cat","embeddable":true,"href":"https:\/\/elouedshop.com\/index.php?rest_route=%2Fwp%2Fv2%2Fproduct_cat&post=10009"},{"taxonomy":"product_tag","embeddable":true,"href":"https:\/\/elouedshop.com\/index.php?rest_route=%2Fwp%2Fv2%2Fproduct_tag&post=10009"}],"curies":[{"name":"wp","href":"https:\/\/api.w.org\/{rel}","templated":true}]}}