{"id":10001,"date":"2024-03-02T18:11:11","date_gmt":"2024-03-02T18:11:11","guid":{"rendered":"https:\/\/elouedshop.com\/?post_type=product&#038;p=10001"},"modified":"2025-01-02T16:07:11","modified_gmt":"2025-01-02T16:07:11","slug":"les-prophetes-le-jeu-7-ans-et","status":"publish","type":"product","link":"https:\/\/elouedshop.com\/?product=les-prophetes-le-jeu-7-ans-et","title":{"rendered":"Les Proph\u00e8tes &#8211; Le Jeu (7 ans et +)"},"content":{"rendered":"<table border=\"0\" width=\"100%\" cellspacing=\"0\" cellpadding=\"0\">\n<tbody>\n<tr>\n<td align=\"left\"><span style=\"font-family: Verdana, Arial;font-size: small\"><b>Auteur :<\/b>\u00a0A. Bennadji<br \/>\n<\/span><\/td>\n<\/tr>\n<tr>\n<td align=\"left\"><span style=\"font-family: Verdana, Arial;font-size: small\"><b>Type de produit :<\/b>\u00a0Jeu \/ jouet<br \/>\n<\/span><\/td>\n<\/tr>\n<tr>\n<td align=\"left\"><span style=\"font-family: Verdana, Arial;font-size: small\"><b>Mod\u00e8le &#8211; Format :<\/b>\u00a0Boite de 25 x 23 x 4 cm<br \/>\n<\/span><\/td>\n<\/tr>\n<tr>\n<td align=\"left\"><span style=\"font-family: Verdana, Arial;font-size: small\"><b>Editeur :<\/b>\u00a0Osratouna<br \/>\n<\/span><\/td>\n<\/tr>\n<tr>\n<td align=\"left\"><span style=\"font-family: Verdana, Arial;font-size: small\"><b>Langue :<\/b>\u00a0fran\u00e7ais<br \/>\n<\/span><\/td>\n<\/tr>\n<tr>\n<td align=\"left\"><span style=\"font-family: Verdana, Arial;font-size: small\"><b>EAN :<\/b>\u00a09791091201261-3770012698027<\/span><\/td>\n<\/tr>\n<\/tbody>\n<\/table>\n","protected":false},"excerpt":{"rendered":"<p class=\"cvGsUA direction-ltr align-center para-style-body\"><span class=\"OYPEnA text-decoration-none text-strikethrough-none\">Pr\u00e9parez-vous pour un jeu \u00e9pique rempli de d\u00e9fis et de 400 questions \u00e0 couper le souffle! &#8220;Les Proph\u00e8tes, Le jeu&#8221; est le jeu islamique ultime pour les enfants de 7 ans et plus, jouable de 2 \u00e0 6 joueurs avec une dur\u00e9e de 45 minutes environ. Qui sera le premier \u00e0 atteindre la Ka&#8217;ba en r\u00e9pondant aux questions et en relevant les d\u00e9fis?<\/span><\/p>\n<p class=\"cvGsUA direction-ltr align-center para-style-body\"><span class=\"OYPEnA text-decoration-none text-strikethrough-none\">Pouvez-vous deviner le Proph\u00e8te qui a \u00e9t\u00e9 jet\u00e9 dans le feu par son peuple? Ou mimer l&#8217;arbre interdit? Le jeu propose plus de 400 questions et d\u00e9fis passionnants pour aider les enfants \u00e0 d\u00e9couvrir l&#8217;histoire des proph\u00e8tes de mani\u00e8re amusante et \u00e9ducative.<\/span><\/p>\n<p class=\"cvGsUA direction-ltr align-center para-style-body\"><span class=\"OYPEnA text-decoration-none text-strikethrough-none\">Avec 150 cartes Quizz, 100 cartes D\u00e9fi, un sablier, six pions et une r\u00e8gle du jeu, le jeu est facile \u00e0 jouer et \u00e0 comprendre. Le but est simple: \u00eatre le premier \u00e0 franchir la ligne d&#8217;arriv\u00e9e. Pr\u00e9parez-vous \u00e0 vivre une exp\u00e9rience inoubliable avec &#8220;Les Proph\u00e8tes, Le jeu&#8221;!<\/span><\/p>\n","protected":false},"featured_media":8710,"template":"","meta":[],"product_brand":[],"product_cat":[26],"product_tag":[],"class_list":{"0":"post-10001","1":"product","2":"type-product","3":"status-publish","4":"has-post-thumbnail","6":"product_cat-jouets-educatifs","7":"description-off","9":"first","10":"instock","11":"shipping-taxable","12":"purchasable","13":"product-type-simple"},"jetpack_sharing_enabled":true,"_links":{"self":[{"href":"https:\/\/elouedshop.com\/index.php?rest_route=\/wp\/v2\/product\/10001","targetHints":{"allow":["GET"]}}],"collection":[{"href":"https:\/\/elouedshop.com\/index.php?rest_route=\/wp\/v2\/product"}],"about":[{"href":"https:\/\/elouedshop.com\/index.php?rest_route=\/wp\/v2\/types\/product"}],"wp:featuredmedia":[{"embeddable":true,"href":"https:\/\/elouedshop.com\/index.php?rest_route=\/wp\/v2\/media\/8710"}],"wp:attachment":[{"href":"https:\/\/elouedshop.com\/index.php?rest_route=%2Fwp%2Fv2%2Fmedia&parent=10001"}],"wp:term":[{"taxonomy":"product_brand","embeddable":true,"href":"https:\/\/elouedshop.com\/index.php?rest_route=%2Fwp%2Fv2%2Fproduct_brand&post=10001"},{"taxonomy":"product_cat","embeddable":true,"href":"https:\/\/elouedshop.com\/index.php?rest_route=%2Fwp%2Fv2%2Fproduct_cat&post=10001"},{"taxonomy":"product_tag","embeddable":true,"href":"https:\/\/elouedshop.com\/index.php?rest_route=%2Fwp%2Fv2%2Fproduct_tag&post=10001"}],"curies":[{"name":"wp","href":"https:\/\/api.w.org\/{rel}","templated":true}]}}