{"id":1000,"date":"2023-06-27T15:33:09","date_gmt":"2023-06-27T15:33:09","guid":{"rendered":"https:\/\/elouedshop.com\/?post_type=product&#038;p=1000"},"modified":"2023-10-08T21:00:00","modified_gmt":"2023-10-08T21:00:00","slug":"la-vie-des-compagnons-du-prophete","status":"publish","type":"product","link":"https:\/\/elouedshop.com\/?product=la-vie-des-compagnons-du-prophete","title":{"rendered":"La vie des Compagnons du Proph\u00e8te"},"content":{"rendered":"<p>Les compagnons du Proph\u00e8te \ufdfa (As-Sah\u00e2ba) y sont, sans conteste, les meilleures personnes apr\u00e8s les Envoy\u00e9s d&rsquo;Allah.<\/p>\n<p>Ils poss\u00e8dent la foi la plus parfaite, la compr\u00e9hension du Coran et de la Sunna la plus distingu\u00e9e et n&rsquo;ont point d\u00e9vi\u00e9 de la voie du Proph\u00e8te.<\/p>\n<p>Fortun\u00e9s ou d\u00e9favoris\u00e9s, notables ou esclaves, seules la foi en Allah et la fid\u00e9lit\u00e9 au Message du Proph\u00e8te \ufdfa les liaient.<\/p>\n<p>L&rsquo;\u00e9tude de la biographie de ces personnalit\u00e9s dignes de respect et d&rsquo;admiration pour leur sinc\u00e9rit\u00e9, leur bravoure, leur courage et leur d\u00e9vouement, nous montre comment ces proches disciples du Proph\u00e8te\u2039 ont puis\u00e9 dans la lumi\u00e8re de sa Sunna, et l&rsquo;ont soutenu dans sa mission.<\/p>\n<p>Dans ce livre \u00e9difiant, nous vous pr\u00e9sentons la vie exceptionnelle et poignante de certains des plus \u00e9minents compagnons du Proph\u00e8te \ufdfa, ces hommes hors pair qui n&rsquo;aspiraient qu&rsquo;\u00e0 mettre en \u0153uvre le message de l&rsquo;islam.<\/p>\n","protected":false},"excerpt":{"rendered":"<p>Les compagnons du Proph\u00e8te \ufdfa (As-Sah\u00e2ba) y sont, sans conteste, les meilleures personnes apr\u00e8s les Envoy\u00e9s d&rsquo;Allah. Ils poss\u00e8dent la foi la plus parfaite, la compr\u00e9hension du Coran et de la Sunna la plus distingu\u00e9e et n&rsquo;ont point d\u00e9vi\u00e9 de la voie du Proph\u00e8te. Fortun\u00e9s ou d\u00e9favoris\u00e9s, notables ou esclaves, seules la foi en Allah&hellip;<\/p>\n","protected":false},"featured_media":1001,"template":"","meta":[],"product_brand":[],"product_cat":[66,50,21,71],"product_tag":[],"class_list":{"0":"post-1000","1":"product","2":"type-product","3":"status-publish","4":"has-post-thumbnail","6":"product_cat-compagnons","7":"product_cat-histoire-et-civilisations","8":"product_cat-livre","9":"product_cat-personnages-illustres","10":"description-off","12":"first","13":"instock","14":"shipping-taxable","15":"purchasable","16":"product-type-simple"},"jetpack_sharing_enabled":true,"_links":{"self":[{"href":"https:\/\/elouedshop.com\/index.php?rest_route=\/wp\/v2\/product\/1000","targetHints":{"allow":["GET"]}}],"collection":[{"href":"https:\/\/elouedshop.com\/index.php?rest_route=\/wp\/v2\/product"}],"about":[{"href":"https:\/\/elouedshop.com\/index.php?rest_route=\/wp\/v2\/types\/product"}],"wp:featuredmedia":[{"embeddable":true,"href":"https:\/\/elouedshop.com\/index.php?rest_route=\/wp\/v2\/media\/1001"}],"wp:attachment":[{"href":"https:\/\/elouedshop.com\/index.php?rest_route=%2Fwp%2Fv2%2Fmedia&parent=1000"}],"wp:term":[{"taxonomy":"product_brand","embeddable":true,"href":"https:\/\/elouedshop.com\/index.php?rest_route=%2Fwp%2Fv2%2Fproduct_brand&post=1000"},{"taxonomy":"product_cat","embeddable":true,"href":"https:\/\/elouedshop.com\/index.php?rest_route=%2Fwp%2Fv2%2Fproduct_cat&post=1000"},{"taxonomy":"product_tag","embeddable":true,"href":"https:\/\/elouedshop.com\/index.php?rest_route=%2Fwp%2Fv2%2Fproduct_tag&post=1000"}],"curies":[{"name":"wp","href":"https:\/\/api.w.org\/{rel}","templated":true}]}}