{"id":7460,"date":"2021-10-26T13:04:43","date_gmt":"2021-10-26T12:04:43","guid":{"rendered":"https:\/\/elouedshop.com\/shop\/login"},"modified":"2021-10-26T13:04:43","modified_gmt":"2021-10-26T12:04:43","slug":"login","status":"publish","type":"page","link":"https:\/\/elouedshop.com\/?page_id=7460","title":{"rendered":"Login"},"content":{"rendered":"\t\t<div data-elementor-type=\"wp-page\" data-elementor-id=\"7460\" class=\"elementor elementor-7460\" data-elementor-post-type=\"page\">\n\t\t\t\t<div class=\"elementor-element elementor-element-8961c55 e-flex e-con-boxed e-con e-parent\" data-id=\"8961c55\" data-element_type=\"container\" data-e-type=\"container\">\n\t\t\t\t\t<div class=\"e-con-inner\">\n\t\t\t\t<div class=\"elementor-element elementor-element-2af2432 elementor-tablet-form-col-1 elementor-form-col-2 elementor-widget elementor-widget-the7-woocommerce-login-register-form\" data-id=\"2af2432\" data-element_type=\"widget\" data-e-type=\"widget\" data-widget_type=\"the7-woocommerce-login-register-form.default\">\n\t\t\t\t<div class=\"elementor-widget-container\">\n\t\t\t\t\t<div class=\"woocommerce-notices-wrapper\"><\/div><div class=\"the7-login-register-form elementor-labels-above\"><div class=\"the7-login-form\"><h2>Se connecter<\/h2><form class=\"woocommerce-form woocommerce-form-login login\" method=\"post\"><div class=\"elementor-form-fields-wrapper\"><div class=\"elementor-field-group elementor-column\"><label class=\"elementor-field-label\" for=\"username\">Identifiant ou e-mail&nbsp;<span class=\"required\">*<\/span><\/label><input type=\"text\" class=\"woocommerce-Input  elementor-field-textual elementor-field elementor-size-md\" name=\"username\" id=\"username\" autocomplete=\"username\" value=\"\" \/><\/div><div class=\"elementor-field-group elementor-column\"><label class=\"elementor-field-label\" for=\"password\">Mot de passe&nbsp;<span class=\"required\">*<\/span><\/label><input class=\"woocommerce-Input elementor-field-textual elementor-field elementor-size-md\" type=\"password\" name=\"password\" id=\"password\" autocomplete=\"current-password\" \/><\/div><div class=\"elementor-field-group elementor-column elementor-field-type-submit\"><button type=\"submit\" class=\"elementor-button elementor-size-md button woocommerce-form-login__submit\" name=\"login\" value=\" Se connecter\">Se connecter<\/button><\/div><div class=\"elementor-field-group elementor-column\"><label class=\"elementor-field-label woocommerce-form-login__rememberme\"><input class=\"woocommerce-form__input woocommerce-form__input-checkbox elementor-field elementor-size-md\" name=\"rememberme\" type=\"checkbox\" id=\"rememberme\" value=\"forever\" \/> <span>Se souvenir de moi<\/span><\/label><input type=\"hidden\" id=\"woocommerce-login-nonce\" name=\"woocommerce-login-nonce\" value=\"aba6f9552c\" \/><input type=\"hidden\" name=\"_wp_http_referer\" value=\"\/index.php?rest_route=%2Fwp%2Fv2%2Fpages%2F7460\" \/><input type=\"hidden\" name=\"redirect\" value=\"https:\/\/elouedshop.com\/?page_id=16072\"\/><p class=\"woocommerce-LostPassword lost_password\"><a href=\"#lost-password\">Mot de passe perdu\u00a0?<\/a><\/p><\/div><\/div><\/form><\/div><div class=\"the7-register-form\"><h2>S\u2019inscrire<\/h2><form method=\"post\" class=\"woocommerce-form woocommerce-form-register register\" ><div class=\"elementor-form-fields-wrapper\"><div class=\"elementor-field-group elementor-column\"><label class=\"elementor-field-label\" for=\"reg_username\">Identifiant&nbsp;<span class=\"required\">*<\/span><\/label><input type=\"text\" class=\"woocommerce-Input elementor-field-textual elementor-field elementor-size-md\" name=\"username\" id=\"reg_username\" autocomplete=\"username\" value=\"\" \/><\/div><div class=\"elementor-field-group elementor-column\"><label class=\"elementor-field-label\" for=\"reg_email\">Adresse e-mail&nbsp;<span class=\"required\">*<\/span><\/label><input type=\"email\" class=\"woocommerce-Input elementor-field-textual elementor-field elementor-size-md\" name=\"email\" id=\"reg_email\" autocomplete=\"email\" value=\"\" \/><\/div><div class=\"elementor-field-group elementor-column\"><label class=\"elementor-field-label\" for=\"reg_password\" class=\"elementor-field-label\">Mot de passe&nbsp;<span class=\"required\">*<\/span><\/label><input type=\"password\" class=\"woocommerce-Input elementor-field-textual elementor-field elementor-size-md\" name=\"password\" id=\"reg_password\" autocomplete=\"new-password\" \/><\/div><div class=\"elementor-field-group elementor-column\"><wc-order-attribution-inputs><\/wc-order-attribution-inputs><div class=\"woocommerce-privacy-policy-text\"><p>Vos donn\u00e9es personnelles seront utilis\u00e9es pour vous accompagner au cours de votre visite du site web, g\u00e9rer l\u2019acc\u00e8s \u00e0 votre compte, et pour d\u2019autres raisons d\u00e9crites dans notre <a href=\"https:\/\/elouedshop.com\/?page_id=3\" class=\"woocommerce-privacy-policy-link\" target=\"_blank\">politique de confidentialit\u00e9<\/a>.<\/p>\n<\/div><\/div><input type=\"hidden\" id=\"woocommerce-register-nonce\" name=\"woocommerce-register-nonce\" value=\"5d24542ae5\" \/><input type=\"hidden\" name=\"_wp_http_referer\" value=\"\/index.php?rest_route=%2Fwp%2Fv2%2Fpages%2F7460\" \/><input type=\"hidden\" name=\"redirect\" value=\"https:\/\/elouedshop.com\/?page_id=16072\"\/><div class=\"elementor-field-group elementor-column elementor-field-type-submit\"><button type=\"submit\" class=\"elementor-button elementor-size-md button woocommerce-form-register__submit\" name=\"register\" value=\"S\u2019inscrire\">S\u2019inscrire<\/button><\/div><\/div><\/form><\/div><\/div><div class=\"woocommerce-notices-wrapper\"><\/div><form method=\"post\" class=\"woocommerce-ResetPassword elementor-labels-above\"><div class=\"elementor-form-fields-wrapper\"><p class=\"elementor-field-group elementor-column\">Mot de passe perdu\u00a0? Veuillez saisir votre identifiant ou votre adresse e-mail. Vous recevrez un lien par e-mail pour cr\u00e9er un nouveau mot de passe.<\/p><div class=\"elementor-field-group elementor-column\"><label class=\"elementor-field-label\" for=\"user_login\">Identifiant ou e-mail<\/label><input class=\"woocommerce-Input  elementor-field-textual elementor-field elementor-size-md\" type=\"text\" name=\"user_login\" id=\"user_login\" autocomplete=\"username\" \/><\/div><div class=\"elementor-field-group elementor-column elementor-field-type-submit\"><input type=\"hidden\" name=\"wc_reset_password\" value=\"true\" \/><button type=\"submit\" class=\"elementor-button elementor-size-md button\" value=\"R\u00e9initialisation du mot de passe\">R\u00e9initialisation du mot de passe<\/button><\/div><\/div><input type=\"hidden\" id=\"woocommerce-lost-password-nonce\" name=\"woocommerce-lost-password-nonce\" value=\"b57287382e\" \/><input type=\"hidden\" name=\"_wp_http_referer\" value=\"\/index.php?rest_route=%2Fwp%2Fv2%2Fpages%2F7460\" \/><\/form>\t\t\t\t<\/div>\n\t\t\t\t<\/div>\n\t\t\t\t\t<\/div>\n\t\t\t\t<\/div>\n\t\t\t\t<\/div>\n\t\t","protected":false},"excerpt":{"rendered":"","protected":false},"author":1,"featured_media":0,"parent":16069,"menu_order":60,"comment_status":"closed","ping_status":"closed","template":"","meta":{"footnotes":""},"class_list":["post-7460","page","type-page","status-publish","hentry"],"jetpack_sharing_enabled":true,"_links":{"self":[{"href":"https:\/\/elouedshop.com\/index.php?rest_route=\/wp\/v2\/pages\/7460","targetHints":{"allow":["GET"]}}],"collection":[{"href":"https:\/\/elouedshop.com\/index.php?rest_route=\/wp\/v2\/pages"}],"about":[{"href":"https:\/\/elouedshop.com\/index.php?rest_route=\/wp\/v2\/types\/page"}],"author":[{"embeddable":true,"href":"https:\/\/elouedshop.com\/index.php?rest_route=\/wp\/v2\/users\/1"}],"replies":[{"embeddable":true,"href":"https:\/\/elouedshop.com\/index.php?rest_route=%2Fwp%2Fv2%2Fcomments&post=7460"}],"version-history":[{"count":0,"href":"https:\/\/elouedshop.com\/index.php?rest_route=\/wp\/v2\/pages\/7460\/revisions"}],"up":[{"embeddable":true,"href":"https:\/\/elouedshop.com\/index.php?rest_route=\/wp\/v2\/pages\/16069"}],"wp:attachment":[{"href":"https:\/\/elouedshop.com\/index.php?rest_route=%2Fwp%2Fv2%2Fmedia&parent=7460"}],"curies":[{"name":"wp","href":"https:\/\/api.w.org\/{rel}","templated":true}]}}